{"id":12477,"date":"2024-09-20T06:07:50","date_gmt":"2024-09-20T03:07:50","guid":{"rendered":"https:\/\/stayinvestment.com\/strong-garancija-strong-i-sigurnost\/"},"modified":"2024-09-26T12:21:41","modified_gmt":"2024-09-26T09:21:41","slug":"open_a_company_in_turkey","status":"publish","type":"page","link":"https:\/\/stayinvestment.com\/sr\/open_a_company_in_turkey\/","title":{"rendered":"<strong>Kako otvoriti kompaniju u Turskoj:<\/strong> Korak-po-korak vodi\u010d"},"content":{"rendered":"<p>[vc_row][vc_column][vc_column_text]<span style=\"font-weight: 400;\">Prema Zakonu br. 4875 o &#8222;Direktnim stranim ulaganjima&#8220;, prava preduzetnika, bilo da su gra\u0111ani ili stranci, su ista. Strani investitori mogu osnovati bilo koju vrstu kompanije uklju\u010denu u Turski trgovinski zakon 6102.<\/span><\/p>\n<p><span style=\"font-weight: 400;\">Me\u0111utim, postoje neke vrste poslovnih aktivnosti koje stranci ne mogu zapo\u010deti u Turskoj:<\/span><\/p>\n<ul class=\"circle\">\n<li style=\"font-weight: 400;\" aria-level=\"1\"><span style=\"font-weight: 400;\">Stomatologija<\/span><\/li>\n<li style=\"font-weight: 400;\" aria-level=\"1\"><span style=\"font-weight: 400;\">Veterinarska medicina<\/span><\/li>\n<li style=\"font-weight: 400;\" aria-level=\"1\"><span style=\"font-weight: 400;\">Pravni rad<\/span><\/li>\n<li style=\"font-weight: 400;\" aria-level=\"1\"><span style=\"font-weight: 400;\">Notarske usluge<\/span><\/li>\n<li style=\"font-weight: 400;\" aria-level=\"1\"><span style=\"font-weight: 400;\">Privatne bezbednosne usluge<\/span><\/li>\n<li style=\"font-weight: 400;\" aria-level=\"1\"><span style=\"font-weight: 400;\">Pomorske i turisti\u010dke aktivnosti<\/span><\/li>\n<\/ul>\n<p><span style=\"font-weight: 400;\">Mnoge poslovne aktivnosti zahtevaju licencu, kao \u0161to su nekretnine ili saloni lepote.<\/span><\/p>\n<p><span style=\"font-weight: 400;\">Mo\u017eete otvoriti biznis bez turskog partnera. Za partnerstvo je dovoljno da turski gra\u0111anin dr\u017ei najmanje 1% akcija. Ako planirate da radite u svojoj kompaniji i upravljate njome, potrebno je da dobijete radnu dozvolu. Va\u0161a kompanija mora zaposliti najmanje 5 turskih gra\u0111ana sa platama minimalne plate i zdravstvenim osiguranjem.<\/span><\/p>\n<p><b>Slobodne ekonomske zone (SEZ)<\/b><\/p>\n<p><span style=\"font-weight: 400;\">Slobodne ekonomske zone (SEZ) u Turskoj nalaze se u Adani, Antaliji, Izmiru, Mardinu, Mersinu, Istanbulu, Trabzonu i Erzurumu. Prednosti poslovanja u SEZ:<\/span><\/p>\n<ul class=\"circle\">\n<li style=\"font-weight: 400;\" aria-level=\"1\"><span style=\"font-weight: 400;\">Pristupa\u010dnost transporta<\/span><\/li>\n<li style=\"font-weight: 400;\" aria-level=\"1\"><span style=\"font-weight: 400;\">Mogu\u0107nost snabdevanja robom kako na doma\u0107em, tako i na me\u0111unarodnom tr\u017ei\u0161tu<\/span><\/li>\n<li style=\"font-weight: 400;\" aria-level=\"1\"><span style=\"font-weight: 400;\">Osloba\u0111anje od carinskih taksi<\/span><\/li>\n<li style=\"font-weight: 400;\" aria-level=\"1\"><span style=\"font-weight: 400;\">Osloba\u0111anje od PDV-a, potro\u0161a\u010dkog poreza i poreza na plate<\/span><\/li>\n<li style=\"font-weight: 400;\" aria-level=\"1\"><span style=\"font-weight: 400;\">Neograni\u010deno vreme za skladi\u0161tenje robe u skladi\u0161tima<\/span><\/li>\n<li style=\"font-weight: 400;\" aria-level=\"1\"><span style=\"font-weight: 400;\">Mogu\u0107nost obavljanja raznih transakcija sa proizvodnim kapacitetima (npr. prodaja, donacija) od strane pojedinaca<\/span><\/li>\n<li style=\"font-weight: 400;\" aria-level=\"1\"><span style=\"font-weight: 400;\">Niska kirija za zemlji\u0161te<\/span><\/li>\n<li style=\"font-weight: 400;\" aria-level=\"1\"><span style=\"font-weight: 400;\">Smanjene tarife za struju<\/span><\/li>\n<li style=\"font-weight: 400;\" aria-level=\"1\"><span style=\"font-weight: 400;\">Nema ograni\u010denja u vezi sa valutom i slobodno kretanje sredstava van zemlje<\/span><\/li>\n<li style=\"font-weight: 400;\" aria-level=\"1\"><span style=\"font-weight: 400;\">Nema ograni\u010denja na ulaganja u preduze\u0107a<\/span><\/li>\n<\/ul>\n<p><span style=\"font-weight: 400;\">Da biste otvorili kompaniju u SEZ-u u Turskoj, potrebna je poslovna licenca od Generalne direkcije za spoljnu trgovinu. Mo\u017eete otvoriti kompaniju u bilo kojem gradu, ne nu\u017eno u SEZ-u.<\/span><\/p>\n<p><b>Kako otvoriti biznis u Turskoj \u2014 Korak-po-korak vodi\u010d<\/b><\/p>\n<ul class=\"control-list\">\n<li><b>KORAK 1. Izaberite vrstu kompanije<\/b><b><br \/>\n<\/b><span style=\"font-weight: 400;\">Glavne vrste kompanija u Turskoj su:<\/span><\/p>\n<ul>\n<li style=\"font-weight: 400;\" aria-level=\"1\"><b>Preduzetnik (\u015fah\u0131s \u015firketi)<\/b><span style=\"font-weight: 400;\"> \u2014 Dostupno onima koji su \u017eiveli u Turskoj sa dozvolom boravka 5 godina ili vi\u0161e. Porezi: 15%-40%.<\/span><\/li>\n<li style=\"font-weight: 400;\" aria-level=\"1\"><b>Dru\u0161tvo sa ograni\u010denom odgovorno\u0161\u0107u (limited \u015firketi)<\/b><span style=\"font-weight: 400;\"> \u2014 Dru\u0161tva sa ograni\u010denom odgovorno\u0161\u0107u gde je kapital podeljen na akcije, a akcionari su odgovorni za dugove kompanije svojim imovinama. Dru\u0161tvo mo\u017ee imati jednog osniva\u010da, a broj partnera ne mo\u017ee prema\u0161iti 50 (fizi\u010dkih ili pravnih lica). Kompaniju mo\u017ee upravljati stranac. Minimalni kapital je 10.000 TL. Poreska stopa na profit je 23%.<\/span><\/li>\n<li style=\"font-weight: 400;\" aria-level=\"1\"><b>Akcionarsko dru\u0161tvo (anonim \u015firketi)<\/b><span style=\"font-weight: 400;\"> \u2014 Akcionarska dru\u0161tva gde je kapital podeljen na akcije, a pravno lice je odgovorno za dugove samo svojim imanjem, dok su akcionari odgovorni samo za akcije koje poseduju. Kompaniju mo\u017ee upravljati stranac. Minimalni kapital je 50.000 TL. Poreska stopa na profit je 23%.<\/span><\/li>\n<\/ul>\n<p><span style=\"font-weight: 400;\">Stranci tako\u0111e mogu registrovati filijale, dru\u0161tva sa ograni\u010denom odgovorno\u0161\u0107u, akcionarska dru\u0161tva, podru\u017enice (koje mogu obavljati komercijalne aktivnosti) i predstavni\u0161tva (koja ne mogu obavljati komercijalne aktivnosti).<\/span><\/li>\n<li><b>KORAK 2. Prona\u0111ite ra\u010dunovo\u0111u<\/b><b><br \/>\n<\/b><span style=\"font-weight: 400;\">Svaka registrovana kompanija u Turskoj mora imati licenciranog ra\u010dunovo\u0111u za knjigovodstvo i podno\u0161enje poreskih prijava. Ra\u010dunovo\u0111a tako\u0111e igra klju\u010dnu ulogu u osnivanju kompanije. Mo\u017eete ili zaposliti ra\u010dunovo\u0111u u firmi ili anga\u017eovati spoljne usluge.<\/span><\/li>\n<li><b>KORAK 3. Dobijte poreski broj<\/b><b><br \/>\n<\/b><span style=\"font-weight: 400;\">Osniva\u010di moraju dobiti turski poreski broj iz poreske uprave.<\/span><span style=\"font-weight: 400;\"><br \/>\n<\/span><span style=\"font-weight: 400;\">Kako dobiti poreski broj: Na online portalu Turske poreske slu\u017ebe \u0130nteraktif Vergi Dairesi<\/span><a href=\"https:\/\/dijital.gib.gov.tr\/\"> <span style=\"font-weight: 400;\">https:\/\/dijital.gib.gov.tr\/<\/span><\/a><span style=\"font-weight: 400;\">, predajte dokumente i generi\u0161ite zahtev za li\u010dni poreski broj. Kod se izdaje u PDF formatu.<\/span><\/li>\n<li><b>KORAK 4. Pripremite dokumente<\/b><b><br \/>\n<\/b><span style=\"font-weight: 400;\">Potpun spisak potrebnih dokumenata mo\u017eete dobiti od advokata ili ra\u010dunovo\u0111e. Osnovni paket za registraciju kompanije u Turskoj uklju\u010duje:<\/span><\/p>\n<ul>\n<li style=\"font-weight: 400;\" aria-level=\"1\"><span style=\"font-weight: 400;\">Paso\u0161 sa apostille-om i overen prevod na turski (original i 2 kopije).<\/span><\/li>\n<li style=\"font-weight: 400;\" aria-level=\"1\"><span style=\"font-weight: 400;\">ID fotografije osniva\u010da i direktora.<\/span><\/li>\n<li style=\"font-weight: 400;\" aria-level=\"1\"><span style=\"font-weight: 400;\">Uzorci potpisa osniva\u010da (2 kopije).<\/span><\/li>\n<li style=\"font-weight: 400;\" aria-level=\"1\"><span style=\"font-weight: 400;\">Dokumenti o osnivanju kompanije (osniva\u010dki akt), overeni.<\/span><\/li>\n<li style=\"font-weight: 400;\" aria-level=\"1\"><span style=\"font-weight: 400;\">Turski poreski broj.<\/span><\/li>\n<li style=\"font-weight: 400;\" aria-level=\"1\"><span style=\"font-weight: 400;\">Zvani\u010dna adresa kompanije (fizi\u010dka kancelarija ili virtuelna adresa). Dokumenti moraju biti apostilirani, a potreban je overen prevod. Ako je osniva\u010d pravno lice, potrebni su dodatni dokumenti kao \u0161to su izvod iz trgova\u010dkog registra, odluka sa generalne sednice osniva\u010da o otvaranju filijale u Turskoj i punomo\u0107je za ovla\u0161\u0107enog predstavnika.<\/span><\/li>\n<\/ul>\n<\/li>\n<li><b>KORAK 5. Registrujte se u MERS\u0130S-u i Regionalnoj trgovinskoj komori<\/b><b><br \/>\n<\/b><span style=\"font-weight: 400;\">Nakon toga, potrebno je pripremiti dokumente za osnivanje i podneti zahtev za registraciju u Centralnom registracionom sistemu (MERS\u0130S) na mersis.ticaret.gov.tr. Bi\u0107e vam potreban va\u0161 poreski broj. Obrasci se moraju popuniti na turskom jeziku. Dodeli\u0107e vam se preliminarni poreski broj, koji \u0107e biti potreban za uplatu osniva\u010dkog kapitala.<\/span><span style=\"font-weight: 400;\"><br \/>\n<\/span><span style=\"font-weight: 400;\">Potpisi onih ovla\u0161\u0107enih da predstavljaju kompaniju moraju biti overeni od strane nadle\u017enog organa. Za ovo se pripremaju izjave o potpisu kod svake trgova\u010dke registracije.<\/span><\/li>\n<li><b>KORAK 6. Otvorite bankovni ra\u010dun<\/b><b><br \/>\n<\/b><span style=\"font-weight: 400;\">Banka \u0107e zahtevati dokumente o osnivanju, sertifikat o registraciji kompanije iz Trgovinske komore, kopiju poreskog broja, dokaz o zvani\u010dnoj adresi i druge dokumente, zavisno od banke.<\/span><\/li>\n<li><b>KORAK 7. Uplatite minimalni kapital<\/b><b><br \/>\n<\/b><span style=\"font-weight: 400;\">Kapital se mo\u017ee uplatiti u delovima, ali 25% mora biti pla\u0107eno pre zavr\u0161etka registracije. Tako\u0111e morate dobiti potvrdu o uplati 0,04% osniva\u010dkog kapitala na ra\u010dun Takmi\u010darskog autoriteta (Rekabet Kurulu).<\/span><\/li>\n<li><b>KORAK 8. Registrujte kompaniju kod poreske uprave<\/b><b><br \/>\n<\/b><span style=\"font-weight: 400;\">Nakon registracije u Trgovinskoj komori, kompanija mora biti registrovana kod poreske uprave kako bi dobila poreski ID za biznis. Ra\u010dunovo\u0111a se bavi ovim procesom.<\/span><\/li>\n<li><b>KORAK 9. Registrujte zaposlene<\/b><b><br \/>\n<\/b><span style=\"font-weight: 400;\">Svi zaposleni u kompaniji moraju biti registrovani u turskom sistemu socijalnog osiguranja.<\/span><\/li>\n<li><b>KORAK 10. Legalizujte svoj boravak u Turskoj<\/b><b><br \/>\n<\/b><span style=\"font-weight: 400;\">Bi\u0107e potrebno da podnesete zahtev za dozvolu boravka i zdravstveno osiguranje.<\/span><\/li>\n<\/ul>\n<h3><b>Zaklju\u010dak<\/b><\/h3>\n<p><span style=\"font-weight: 400;\">Nije te\u0161ko strancu da otvori kompaniju u Turskoj. Proces ne traje dugo i zahteva minimalnu birokratiju. Ipak, postoje razlike izme\u0111u otvaranja kompanije kao stranac i kao turski gra\u0111anin, uklju\u010duju\u0107i potrebu za radnom vizom i ograni\u010denja u odre\u0111enim poslovnim sektorima. Ako planirate poslovanje u Turskoj, preporu\u010duje se da dobijete dr\u017eavljanstvo kroz pojednostavljeni proces investiranja u nekretnine u iznosu od 400.000 dolara. Ova nekretnina mo\u017ee postati profitabilna imovina ili mesto boravka u zemlji. Nekretnina se mo\u017ee prodati tri godine nakon dobijanja paso\u0161a, a ne sme biti prethodno u vlasni\u0161tvu stranca prilikom apliciranja za dr\u017eavljanstvo.<\/span><\/p>\n<p><b>Stay Investment<\/b><span style=\"font-weight: 400;\"> sa zadovoljstvom nudi slede\u0107e na\u0161im klijentima:<\/span><\/p>\n<ul class=\"circle\">\n<li style=\"font-weight: 400;\" aria-level=\"1\"><span style=\"font-weight: 400;\">Registraciju dr\u017eavljanstva uz akontaciju od 50% vrednosti nekretnine u nekim od na\u0161ih projekata (preostali iznos u ratama bez kamate).<\/span><\/li>\n<li style=\"font-weight: 400;\" aria-level=\"1\"><span style=\"font-weight: 400;\">Paket ponude vi\u0161e nekretnina koje se uklapaju u va\u0161e ciljeve i investicione planove.<\/span><\/li>\n<li style=\"font-weight: 400;\" aria-level=\"1\"><span style=\"font-weight: 400;\">Opcije nekretnina koje su podobne za dobijanje dozvola za boravak.<\/span><\/li>\n<\/ul>\n<p><span style=\"font-weight: 400;\">Slobodno nas kontaktirajte ako planirate da se preselite ili pokrenete posao u Turskoj.<\/span><\/p>\n<h3><b>Mogu li stranci kupiti ve\u0107 postoje\u0107i biznis u Turskoj?<\/b><\/h3>\n<p><span style=\"font-weight: 400;\">Da, ova opcija je dostupna strancima. Prednosti kupovine postoje\u0107e kompanije uklju\u010duju:<\/span><\/p>\n<ul class=\"circle\">\n<li style=\"font-weight: 400;\" aria-level=\"1\"><span style=\"font-weight: 400;\">Zvani\u010dna registracija<\/span><\/li>\n<li style=\"font-weight: 400;\" aria-level=\"1\"><span style=\"font-weight: 400;\">Klijentska baza, prostori, reputacija i radna snaga<\/span><\/li>\n<li style=\"font-weight: 400;\" aria-level=\"1\"><span style=\"font-weight: 400;\">Poreska istorija<\/span><\/li>\n<\/ul>\n<p><span style=\"font-weight: 400;\">Mogu\u0107nost zahteva za nezavisnom revizijom kompanije pre kupovine.<\/span><\/p>\n<p><b>Kako funkcioni\u0161e proces kupovine postoje\u0107e kompanije u Turskoj za strance?<\/b><span style=\"font-weight: 400;\"> Kupac i prodavac potpisuju overeni ugovor o kupovini biznisa, koji sadr\u017ei podatke o kupcu i prodavcu, predmet prodaje i iznos transakcije. Podaci novog vlasnika dodaju se u osniva\u010dke dokumente kompanije, koji se registruju u Trgovinskoj komori.<\/span><\/p>\n<p><b>Stay Investment<\/b><span style=\"font-weight: 400;\"> nudi portfelj gotovih biznisa na prodaju u Turskoj, uklju\u010duju\u0107i hotele, salone lepote i fran\u0161ize. Na\u0161i stru\u010dnjaci \u0107e vam pomo\u0107i da odaberete biznis i pru\u017ee punu podr\u0161ku tokom transakcije.<\/span>[\/vc_column_text][\/vc_column][\/vc_row]<\/p>\n","protected":false},"excerpt":{"rendered":"<p>[vc_row][vc_column][vc_column_text]Prema Zakonu br. 4875 o &#8222;Direktnim stranim ulaganjima&#8220;, prava preduzetnika, bilo da su gra\u0111ani ili stranci, su ista. Strani investitori mogu osnovati bilo koju vrstu kompanije uklju\u010denu u Turski trgovinski zakon 6102. Me\u0111utim, postoje neke vrste poslovnih aktivnosti koje stranci ne mogu zapo\u010deti u Turskoj: Stomatologija Veterinarska medicina Pravni rad Notarske usluge Privatne bezbednosne usluge [&hellip;]<\/p>\n","protected":false},"author":11,"featured_media":0,"parent":0,"menu_order":0,"comment_status":"closed","ping_status":"closed","template":"page-templates\/open_business.php","meta":{"footnotes":""},"yoast_head":"<!-- This site is optimized with the Yoast SEO plugin v23.4 - https:\/\/yoast.com\/wordpress\/plugins\/seo\/ -->\n<title>Kako otvoriti kompaniju u Turskoj: Korak-po-korak vodi\u010d - Stay Investment<\/title>\n<meta name=\"robots\" content=\"index, follow, max-snippet:-1, max-image-preview:large, max-video-preview:-1\" \/>\n<link rel=\"canonical\" href=\"https:\/\/stayinvestment.com\/sr\/open_a_company_in_turkey\/\" \/>\n<meta property=\"og:locale\" content=\"sr_RS\" \/>\n<meta property=\"og:type\" content=\"article\" \/>\n<meta property=\"og:title\" content=\"Kako otvoriti kompaniju u Turskoj: Korak-po-korak vodi\u010d - Stay Investment\" \/>\n<meta property=\"og:description\" content=\"[vc_row][vc_column][vc_column_text]Prema Zakonu br. 4875 o &#8222;Direktnim stranim ulaganjima&#8220;, prava preduzetnika, bilo da su gra\u0111ani ili stranci, su ista. Strani investitori mogu osnovati bilo koju vrstu kompanije uklju\u010denu u Turski trgovinski zakon 6102. Me\u0111utim, postoje neke vrste poslovnih aktivnosti koje stranci ne mogu zapo\u010deti u Turskoj: Stomatologija Veterinarska medicina Pravni rad Notarske usluge Privatne bezbednosne usluge [&hellip;]\" \/>\n<meta property=\"og:url\" content=\"https:\/\/stayinvestment.com\/sr\/open_a_company_in_turkey\/\" \/>\n<meta property=\"og:site_name\" content=\"Stay Investment\" \/>\n<meta property=\"article:modified_time\" content=\"2024-09-26T09:21:41+00:00\" \/>\n<meta name=\"twitter:card\" content=\"summary_large_image\" \/>\n<meta name=\"twitter:label1\" content=\"\u041f\u0440\u043e\u0446\u0435\u045a\u0435\u043d\u043e \u0432\u0440\u0435\u043c\u0435 \u0447\u0438\u0442\u0430\u045a\u0430\" \/>\n\t<meta name=\"twitter:data1\" content=\"6 \u043c\u0438\u043d\u0443\u0442\u0430\" \/>\n<script type=\"application\/ld+json\" class=\"yoast-schema-graph\">{\"@context\":\"https:\/\/schema.org\",\"@graph\":[{\"@type\":\"WebPage\",\"@id\":\"https:\/\/stayinvestment.com\/sr\/open_a_company_in_turkey\/\",\"url\":\"https:\/\/stayinvestment.com\/sr\/open_a_company_in_turkey\/\",\"name\":\"Kako otvoriti kompaniju u Turskoj: Korak-po-korak vodi\u010d - Stay Investment\",\"isPartOf\":{\"@id\":\"https:\/\/stayinvestment.com\/#website\"},\"datePublished\":\"2024-09-20T03:07:50+00:00\",\"dateModified\":\"2024-09-26T09:21:41+00:00\",\"breadcrumb\":{\"@id\":\"https:\/\/stayinvestment.com\/sr\/open_a_company_in_turkey\/#breadcrumb\"},\"inLanguage\":\"sr-RS\",\"potentialAction\":[{\"@type\":\"ReadAction\",\"target\":[\"https:\/\/stayinvestment.com\/sr\/open_a_company_in_turkey\/\"]}]},{\"@type\":\"WebSite\",\"@id\":\"https:\/\/stayinvestment.com\/#website\",\"url\":\"https:\/\/stayinvestment.com\/\",\"name\":\"Stay Investment\",\"description\":\"\u0418\u043d\u0432\u0435\u0441\u0442\u0438\u0446\u0438\u0438 \u0432 \u0422\u0443\u0440\u0435\u0446\u043a\u0443\u044e \u043d\u0435\u0434\u0432\u0438\u0436\u0438\u043c\u043e\u0441\u0442\u044c\",\"potentialAction\":[{\"@type\":\"SearchAction\",\"target\":{\"@type\":\"EntryPoint\",\"urlTemplate\":\"https:\/\/stayinvestment.com\/?s={search_term_string}\"},\"query-input\":{\"@type\":\"PropertyValueSpecification\",\"valueRequired\":true,\"valueName\":\"search_term_string\"}}],\"inLanguage\":\"sr-RS\"}]}<\/script>\n<!-- \/ Yoast SEO plugin. -->","yoast_head_json":{"title":"Kako otvoriti kompaniju u Turskoj: Korak-po-korak vodi\u010d - Stay Investment","robots":{"index":"index","follow":"follow","max-snippet":"max-snippet:-1","max-image-preview":"max-image-preview:large","max-video-preview":"max-video-preview:-1"},"canonical":"https:\/\/stayinvestment.com\/sr\/open_a_company_in_turkey\/","og_locale":"sr_RS","og_type":"article","og_title":"Kako otvoriti kompaniju u Turskoj: Korak-po-korak vodi\u010d - Stay Investment","og_description":"[vc_row][vc_column][vc_column_text]Prema Zakonu br. 4875 o &#8222;Direktnim stranim ulaganjima&#8220;, prava preduzetnika, bilo da su gra\u0111ani ili stranci, su ista. Strani investitori mogu osnovati bilo koju vrstu kompanije uklju\u010denu u Turski trgovinski zakon 6102. Me\u0111utim, postoje neke vrste poslovnih aktivnosti koje stranci ne mogu zapo\u010deti u Turskoj: Stomatologija Veterinarska medicina Pravni rad Notarske usluge Privatne bezbednosne usluge [&hellip;]","og_url":"https:\/\/stayinvestment.com\/sr\/open_a_company_in_turkey\/","og_site_name":"Stay Investment","article_modified_time":"2024-09-26T09:21:41+00:00","twitter_card":"summary_large_image","twitter_misc":{"\u041f\u0440\u043e\u0446\u0435\u045a\u0435\u043d\u043e \u0432\u0440\u0435\u043c\u0435 \u0447\u0438\u0442\u0430\u045a\u0430":"6 \u043c\u0438\u043d\u0443\u0442\u0430"},"schema":{"@context":"https:\/\/schema.org","@graph":[{"@type":"WebPage","@id":"https:\/\/stayinvestment.com\/sr\/open_a_company_in_turkey\/","url":"https:\/\/stayinvestment.com\/sr\/open_a_company_in_turkey\/","name":"Kako otvoriti kompaniju u Turskoj: Korak-po-korak vodi\u010d - Stay Investment","isPartOf":{"@id":"https:\/\/stayinvestment.com\/#website"},"datePublished":"2024-09-20T03:07:50+00:00","dateModified":"2024-09-26T09:21:41+00:00","breadcrumb":{"@id":"https:\/\/stayinvestment.com\/sr\/open_a_company_in_turkey\/#breadcrumb"},"inLanguage":"sr-RS","potentialAction":[{"@type":"ReadAction","target":["https:\/\/stayinvestment.com\/sr\/open_a_company_in_turkey\/"]}]},{"@type":"WebSite","@id":"https:\/\/stayinvestment.com\/#website","url":"https:\/\/stayinvestment.com\/","name":"Stay Investment","description":"\u0418\u043d\u0432\u0435\u0441\u0442\u0438\u0446\u0438\u0438 \u0432 \u0422\u0443\u0440\u0435\u0446\u043a\u0443\u044e \u043d\u0435\u0434\u0432\u0438\u0436\u0438\u043c\u043e\u0441\u0442\u044c","potentialAction":[{"@type":"SearchAction","target":{"@type":"EntryPoint","urlTemplate":"https:\/\/stayinvestment.com\/?s={search_term_string}"},"query-input":{"@type":"PropertyValueSpecification","valueRequired":true,"valueName":"search_term_string"}}],"inLanguage":"sr-RS"}]}},"_links":{"self":[{"href":"https:\/\/stayinvestment.com\/sr\/wp-json\/wp\/v2\/pages\/12477"}],"collection":[{"href":"https:\/\/stayinvestment.com\/sr\/wp-json\/wp\/v2\/pages"}],"about":[{"href":"https:\/\/stayinvestment.com\/sr\/wp-json\/wp\/v2\/types\/page"}],"author":[{"embeddable":true,"href":"https:\/\/stayinvestment.com\/sr\/wp-json\/wp\/v2\/users\/11"}],"replies":[{"embeddable":true,"href":"https:\/\/stayinvestment.com\/sr\/wp-json\/wp\/v2\/comments?post=12477"}],"version-history":[{"count":4,"href":"https:\/\/stayinvestment.com\/sr\/wp-json\/wp\/v2\/pages\/12477\/revisions"}],"predecessor-version":[{"id":19926,"href":"https:\/\/stayinvestment.com\/sr\/wp-json\/wp\/v2\/pages\/12477\/revisions\/19926"}],"wp:attachment":[{"href":"https:\/\/stayinvestment.com\/sr\/wp-json\/wp\/v2\/media?parent=12477"}],"curies":[{"name":"wp","href":"https:\/\/api.w.org\/{rel}","templated":true}]}}