{"id":10435,"date":"2024-05-31T06:40:00","date_gmt":"2024-05-31T03:40:00","guid":{"rendered":"https:\/\/stayinvestment.com\/?page_id=10435"},"modified":"2024-06-03T12:14:35","modified_gmt":"2024-06-03T09:14:35","slug":"kontrola-investicija","status":"publish","type":"page","link":"https:\/\/stayinvestment.com\/sr\/kontrola-investicija\/","title":{"rendered":"<strong>Kontrola<\/strong> investicija"},"content":{"rendered":"<p>&nbsp;<\/p>\n<ul class=\"control-list\">\n<li><span data-sheets-formula-bar-text-style=\"font-size:13px;color:#000000;font-weight:normal;text-decoration:none;font-family:'Arial';font-style:normal;text-decoration-skip-ink:none;\">Posle sklapanja investicionog ugovora, tehni\u010dki stru\u010dnjaci \u0107e vam omogu\u0107iti pristup li\u010dnom nalogu investitora na sajtu <\/span><a class=\"waffle-rich-text-link\" data-sheets-formula-bar-text-link=\"http:\/\/stayinvestment.com\/\" data-sheets-formula-bar-text-style=\"font-size:13px;color:#1155cc;font-weight:normal;text-decoration:underline;font-family:''Arial'';font-style:normal;text-decoration-skip-ink:none;\">stayinvestment.com<\/a><strong> gde dobijate zasebno korisni\u010dko ime i lozinku.<\/strong><\/li>\n<li>Na ovom li\u010dnom nalogu investitora bi\u0107e duplirani i vizuelizovani svi uslovi koji su propisani prilikom potpisivanja ugovora o investiranju: <strong>visina ulaganja, uslovi za povra\u0107aj ulaganja i povra\u0107aj ulaganja.<\/strong> Uklju\u010duju\u0107i skeniranu kopiju investicionog ugovora i sve njegove ta\u010dke.<\/li>\n<li>Funkcionalnost li\u010dnog naloga investitora mo\u017ee uklju\u010divati ( u zavisnosti od vrste koju ste izabrali ) slede\u0107e: 24\/7 video nadyor u\u017eivo tako da mo\u017eete pratiti napredak gradnje bilo kada i bilo gde, Mese\u010dni foto &#8211; izve\u0161taj o de\u0161avanjima na gradili\u0161tu. Redovno a\u017euriranje cenovnika sa vizueelnom demonstracijom dinamike prodaje ( bez otkrivanja li\u010dnih<\/li>\n<li>\u00a0U zasebnim predlozima ulaganja, <strong>kompanija Stay Investment se obavezuje da na li\u010dnom ra\u010dunu investitora objavi sve ra\u010dunovodstvene podatke u vezi sa tro\u0161kovima izgradnje investicionog projekta<\/strong>, uz prilo\u017eenje skenirane kopije svih ra\u010duna, priznanica, faktura i sl. u vezi sa izvr\u0161enim uplatama. <strong>Time \u0107e investitor imati mogu\u0107nost da samostalno vr\u0161i <\/strong><\/li>\n<\/ul>\n<p>&nbsp;<\/p>\n","protected":false},"excerpt":{"rendered":"<p>&nbsp; Posle sklapanja investicionog ugovora, tehni\u010dki stru\u010dnjaci \u0107e vam omogu\u0107iti pristup li\u010dnom nalogu investitora na sajtu stayinvestment.com gde dobijate zasebno korisni\u010dko ime i lozinku. Na ovom li\u010dnom nalogu investitora bi\u0107e duplirani i vizuelizovani svi uslovi koji su propisani prilikom potpisivanja ugovora o investiranju: visina ulaganja, uslovi za povra\u0107aj ulaganja i povra\u0107aj ulaganja. Uklju\u010duju\u0107i skeniranu kopiju [&hellip;]<\/p>\n","protected":false},"author":1,"featured_media":0,"parent":0,"menu_order":0,"comment_status":"closed","ping_status":"closed","template":"page-templates\/page_control_invest.php","meta":{"footnotes":""},"yoast_head":"<!-- This site is optimized with the Yoast SEO plugin v23.4 - https:\/\/yoast.com\/wordpress\/plugins\/seo\/ -->\n<title>Kontrola investicija - Stay Investment<\/title>\n<meta name=\"robots\" content=\"index, follow, max-snippet:-1, max-image-preview:large, max-video-preview:-1\" \/>\n<link rel=\"canonical\" href=\"https:\/\/stayinvestment.com\/sr\/kontrola-investicija\/\" \/>\n<meta property=\"og:locale\" content=\"sr_RS\" \/>\n<meta property=\"og:type\" content=\"article\" \/>\n<meta property=\"og:title\" content=\"Kontrola investicija - Stay Investment\" \/>\n<meta property=\"og:description\" content=\"&nbsp; Posle sklapanja investicionog ugovora, tehni\u010dki stru\u010dnjaci \u0107e vam omogu\u0107iti pristup li\u010dnom nalogu investitora na sajtu stayinvestment.com gde dobijate zasebno korisni\u010dko ime i lozinku. Na ovom li\u010dnom nalogu investitora bi\u0107e duplirani i vizuelizovani svi uslovi koji su propisani prilikom potpisivanja ugovora o investiranju: visina ulaganja, uslovi za povra\u0107aj ulaganja i povra\u0107aj ulaganja. Uklju\u010duju\u0107i skeniranu kopiju [&hellip;]\" \/>\n<meta property=\"og:url\" content=\"https:\/\/stayinvestment.com\/sr\/kontrola-investicija\/\" \/>\n<meta property=\"og:site_name\" content=\"Stay Investment\" \/>\n<meta property=\"article:modified_time\" content=\"2024-06-03T09:14:35+00:00\" \/>\n<meta name=\"twitter:card\" content=\"summary_large_image\" \/>\n<meta name=\"twitter:label1\" content=\"\u041f\u0440\u043e\u0446\u0435\u045a\u0435\u043d\u043e \u0432\u0440\u0435\u043c\u0435 \u0447\u0438\u0442\u0430\u045a\u0430\" \/>\n\t<meta name=\"twitter:data1\" content=\"1 \u043c\u0438\u043d\u0443\u0442\" \/>\n<script type=\"application\/ld+json\" class=\"yoast-schema-graph\">{\"@context\":\"https:\/\/schema.org\",\"@graph\":[{\"@type\":\"WebPage\",\"@id\":\"https:\/\/stayinvestment.com\/sr\/kontrola-investicija\/\",\"url\":\"https:\/\/stayinvestment.com\/sr\/kontrola-investicija\/\",\"name\":\"Kontrola investicija - Stay Investment\",\"isPartOf\":{\"@id\":\"https:\/\/stayinvestment.com\/#website\"},\"datePublished\":\"2024-05-31T03:40:00+00:00\",\"dateModified\":\"2024-06-03T09:14:35+00:00\",\"breadcrumb\":{\"@id\":\"https:\/\/stayinvestment.com\/sr\/kontrola-investicija\/#breadcrumb\"},\"inLanguage\":\"sr-RS\",\"potentialAction\":[{\"@type\":\"ReadAction\",\"target\":[\"https:\/\/stayinvestment.com\/sr\/kontrola-investicija\/\"]}]},{\"@type\":\"WebSite\",\"@id\":\"https:\/\/stayinvestment.com\/#website\",\"url\":\"https:\/\/stayinvestment.com\/\",\"name\":\"Stay Investment\",\"description\":\"\u0418\u043d\u0432\u0435\u0441\u0442\u0438\u0446\u0438\u0438 \u0432 \u0422\u0443\u0440\u0435\u0446\u043a\u0443\u044e \u043d\u0435\u0434\u0432\u0438\u0436\u0438\u043c\u043e\u0441\u0442\u044c\",\"potentialAction\":[{\"@type\":\"SearchAction\",\"target\":{\"@type\":\"EntryPoint\",\"urlTemplate\":\"https:\/\/stayinvestment.com\/?s={search_term_string}\"},\"query-input\":{\"@type\":\"PropertyValueSpecification\",\"valueRequired\":true,\"valueName\":\"search_term_string\"}}],\"inLanguage\":\"sr-RS\"}]}<\/script>\n<!-- \/ Yoast SEO plugin. -->","yoast_head_json":{"title":"Kontrola investicija - Stay Investment","robots":{"index":"index","follow":"follow","max-snippet":"max-snippet:-1","max-image-preview":"max-image-preview:large","max-video-preview":"max-video-preview:-1"},"canonical":"https:\/\/stayinvestment.com\/sr\/kontrola-investicija\/","og_locale":"sr_RS","og_type":"article","og_title":"Kontrola investicija - Stay Investment","og_description":"&nbsp; Posle sklapanja investicionog ugovora, tehni\u010dki stru\u010dnjaci \u0107e vam omogu\u0107iti pristup li\u010dnom nalogu investitora na sajtu stayinvestment.com gde dobijate zasebno korisni\u010dko ime i lozinku. Na ovom li\u010dnom nalogu investitora bi\u0107e duplirani i vizuelizovani svi uslovi koji su propisani prilikom potpisivanja ugovora o investiranju: visina ulaganja, uslovi za povra\u0107aj ulaganja i povra\u0107aj ulaganja. Uklju\u010duju\u0107i skeniranu kopiju [&hellip;]","og_url":"https:\/\/stayinvestment.com\/sr\/kontrola-investicija\/","og_site_name":"Stay Investment","article_modified_time":"2024-06-03T09:14:35+00:00","twitter_card":"summary_large_image","twitter_misc":{"\u041f\u0440\u043e\u0446\u0435\u045a\u0435\u043d\u043e \u0432\u0440\u0435\u043c\u0435 \u0447\u0438\u0442\u0430\u045a\u0430":"1 \u043c\u0438\u043d\u0443\u0442"},"schema":{"@context":"https:\/\/schema.org","@graph":[{"@type":"WebPage","@id":"https:\/\/stayinvestment.com\/sr\/kontrola-investicija\/","url":"https:\/\/stayinvestment.com\/sr\/kontrola-investicija\/","name":"Kontrola investicija - Stay Investment","isPartOf":{"@id":"https:\/\/stayinvestment.com\/#website"},"datePublished":"2024-05-31T03:40:00+00:00","dateModified":"2024-06-03T09:14:35+00:00","breadcrumb":{"@id":"https:\/\/stayinvestment.com\/sr\/kontrola-investicija\/#breadcrumb"},"inLanguage":"sr-RS","potentialAction":[{"@type":"ReadAction","target":["https:\/\/stayinvestment.com\/sr\/kontrola-investicija\/"]}]},{"@type":"WebSite","@id":"https:\/\/stayinvestment.com\/#website","url":"https:\/\/stayinvestment.com\/","name":"Stay Investment","description":"\u0418\u043d\u0432\u0435\u0441\u0442\u0438\u0446\u0438\u0438 \u0432 \u0422\u0443\u0440\u0435\u0446\u043a\u0443\u044e \u043d\u0435\u0434\u0432\u0438\u0436\u0438\u043c\u043e\u0441\u0442\u044c","potentialAction":[{"@type":"SearchAction","target":{"@type":"EntryPoint","urlTemplate":"https:\/\/stayinvestment.com\/?s={search_term_string}"},"query-input":{"@type":"PropertyValueSpecification","valueRequired":true,"valueName":"search_term_string"}}],"inLanguage":"sr-RS"}]}},"_links":{"self":[{"href":"https:\/\/stayinvestment.com\/sr\/wp-json\/wp\/v2\/pages\/10435"}],"collection":[{"href":"https:\/\/stayinvestment.com\/sr\/wp-json\/wp\/v2\/pages"}],"about":[{"href":"https:\/\/stayinvestment.com\/sr\/wp-json\/wp\/v2\/types\/page"}],"author":[{"embeddable":true,"href":"https:\/\/stayinvestment.com\/sr\/wp-json\/wp\/v2\/users\/1"}],"replies":[{"embeddable":true,"href":"https:\/\/stayinvestment.com\/sr\/wp-json\/wp\/v2\/comments?post=10435"}],"version-history":[{"count":5,"href":"https:\/\/stayinvestment.com\/sr\/wp-json\/wp\/v2\/pages\/10435\/revisions"}],"predecessor-version":[{"id":10474,"href":"https:\/\/stayinvestment.com\/sr\/wp-json\/wp\/v2\/pages\/10435\/revisions\/10474"}],"wp:attachment":[{"href":"https:\/\/stayinvestment.com\/sr\/wp-json\/wp\/v2\/media?parent=10435"}],"curies":[{"name":"wp","href":"https:\/\/api.w.org\/{rel}","templated":true}]}}