{"id":10430,"date":"2024-05-31T06:38:09","date_gmt":"2024-05-31T03:38:09","guid":{"rendered":"https:\/\/stayinvestment.com\/?page_id=10430"},"modified":"2024-06-03T12:03:20","modified_gmt":"2024-06-03T09:03:20","slug":"garancija-i-sigurnost","status":"publish","type":"page","link":"https:\/\/stayinvestment.com\/sr\/garancija-i-sigurnost\/","title":{"rendered":"<strong>Garancija<\/strong> i sigurnost"},"content":{"rendered":"<p>&nbsp;<\/p>\n<ul class=\"control-list\">\n<li><strong>Svim na\u0161im klijentima dajemo mogu\u0107nost overe ugovora o ulaganju ( investiranju ).<\/strong> Overeni ugovor daje u\u010desnicima ve\u0107u pravnu za\u0161titu. Ovla\u0161\u0107eni notar: proverava zakonitost dokumenata, obja\u0161njava u\u010desnicima pravne posledice ugovora, proverava kapacitet stranaka, postavlja realne namere u\u010desnika u transakciji, proverava pravnu \u010distotu nekretnine. Strane potpisuju ugovor dobrovoljno i u adekvatnom psihi\u010dkom stanju. Ako jedna od ugovorenih strana izgubi svoj primerak potpisanog dokumenta, uvek mo\u017ee dobiti duplikat od notara. Ima\u0107e isto pravno dejstvo kao i original.<\/li>\n<li><strong>Kompanija Stay Investment, kao hartiju od vrednosti, spremna je da izda garanciju ( tur. SENET ), \u010diji je iznos ekvivalentan iznosu ulo\u017eenih sredstava i garantovane dobiti<\/strong>. Garantni list &#8211; radi se o potvrdi koja sadr\u017ei pismenu nespornu obavezu Stay Investmenta da isplati odre\u0111eni nov\u010dani iznos investitoru. Ovo je hartija od vrednosti koja potvr\u0111uje<\/li>\n<li><strong>U okviru ispunjenja obaveza iz ugovora o investiranju kompanija Stay Investment mo\u017ee nametnuti teret ( hipoteka ) na objekte nepokretnosti u projektu u izgradnji ( koji je predmet ugovora o investiranju ).<\/strong> Broj objekata nepokretnosti bi\u0107e ekvivalentan iznosu investicionih sredstava.<\/li>\n<li><strong>U okviru ispunjenja obaveza iz ugovora o investiranju kompanija Stay Investment mo\u017ee izdati TAPU ( vlasni\u010dki list ) za nepokretnosti o projektu u izgradnji.<\/strong> Broj objekata nepokretnosti bi\u0107e ekvivalentan iznosu investicionih sredstava.<\/li>\n<\/ul>\n<p>&nbsp;<\/p>\n","protected":false},"excerpt":{"rendered":"<p>&nbsp; Svim na\u0161im klijentima dajemo mogu\u0107nost overe ugovora o ulaganju ( investiranju ). Overeni ugovor daje u\u010desnicima ve\u0107u pravnu za\u0161titu. Ovla\u0161\u0107eni notar: proverava zakonitost dokumenata, obja\u0161njava u\u010desnicima pravne posledice ugovora, proverava kapacitet stranaka, postavlja realne namere u\u010desnika u transakciji, proverava pravnu \u010distotu nekretnine. Strane potpisuju ugovor dobrovoljno i u adekvatnom psihi\u010dkom stanju. Ako jedna od [&hellip;]<\/p>\n","protected":false},"author":1,"featured_media":0,"parent":0,"menu_order":0,"comment_status":"closed","ping_status":"closed","template":"page-templates\/page_guaranty.php","meta":{"footnotes":""},"yoast_head":"<!-- This site is optimized with the Yoast SEO plugin v23.4 - https:\/\/yoast.com\/wordpress\/plugins\/seo\/ -->\n<title>Garancija i sigurnost - Stay Investment<\/title>\n<meta name=\"robots\" content=\"index, follow, max-snippet:-1, max-image-preview:large, max-video-preview:-1\" \/>\n<link rel=\"canonical\" href=\"https:\/\/stayinvestment.com\/sr\/garancija-i-sigurnost\/\" \/>\n<meta property=\"og:locale\" content=\"sr_RS\" \/>\n<meta property=\"og:type\" content=\"article\" \/>\n<meta property=\"og:title\" content=\"Garancija i sigurnost - Stay Investment\" \/>\n<meta property=\"og:description\" content=\"&nbsp; Svim na\u0161im klijentima dajemo mogu\u0107nost overe ugovora o ulaganju ( investiranju ). Overeni ugovor daje u\u010desnicima ve\u0107u pravnu za\u0161titu. Ovla\u0161\u0107eni notar: proverava zakonitost dokumenata, obja\u0161njava u\u010desnicima pravne posledice ugovora, proverava kapacitet stranaka, postavlja realne namere u\u010desnika u transakciji, proverava pravnu \u010distotu nekretnine. Strane potpisuju ugovor dobrovoljno i u adekvatnom psihi\u010dkom stanju. Ako jedna od [&hellip;]\" \/>\n<meta property=\"og:url\" content=\"https:\/\/stayinvestment.com\/sr\/garancija-i-sigurnost\/\" \/>\n<meta property=\"og:site_name\" content=\"Stay Investment\" \/>\n<meta property=\"article:modified_time\" content=\"2024-06-03T09:03:20+00:00\" \/>\n<meta name=\"twitter:card\" content=\"summary_large_image\" \/>\n<meta name=\"twitter:label1\" content=\"\u041f\u0440\u043e\u0446\u0435\u045a\u0435\u043d\u043e \u0432\u0440\u0435\u043c\u0435 \u0447\u0438\u0442\u0430\u045a\u0430\" \/>\n\t<meta name=\"twitter:data1\" content=\"2 \u043c\u0438\u043d\u0443\u0442\u0430\" \/>\n<script type=\"application\/ld+json\" class=\"yoast-schema-graph\">{\"@context\":\"https:\/\/schema.org\",\"@graph\":[{\"@type\":\"WebPage\",\"@id\":\"https:\/\/stayinvestment.com\/sr\/garancija-i-sigurnost\/\",\"url\":\"https:\/\/stayinvestment.com\/sr\/garancija-i-sigurnost\/\",\"name\":\"Garancija i sigurnost - Stay Investment\",\"isPartOf\":{\"@id\":\"https:\/\/stayinvestment.com\/#website\"},\"datePublished\":\"2024-05-31T03:38:09+00:00\",\"dateModified\":\"2024-06-03T09:03:20+00:00\",\"breadcrumb\":{\"@id\":\"https:\/\/stayinvestment.com\/sr\/garancija-i-sigurnost\/#breadcrumb\"},\"inLanguage\":\"sr-RS\",\"potentialAction\":[{\"@type\":\"ReadAction\",\"target\":[\"https:\/\/stayinvestment.com\/sr\/garancija-i-sigurnost\/\"]}]},{\"@type\":\"WebSite\",\"@id\":\"https:\/\/stayinvestment.com\/#website\",\"url\":\"https:\/\/stayinvestment.com\/\",\"name\":\"Stay Investment\",\"description\":\"\u0418\u043d\u0432\u0435\u0441\u0442\u0438\u0446\u0438\u0438 \u0432 \u0422\u0443\u0440\u0435\u0446\u043a\u0443\u044e \u043d\u0435\u0434\u0432\u0438\u0436\u0438\u043c\u043e\u0441\u0442\u044c\",\"potentialAction\":[{\"@type\":\"SearchAction\",\"target\":{\"@type\":\"EntryPoint\",\"urlTemplate\":\"https:\/\/stayinvestment.com\/?s={search_term_string}\"},\"query-input\":{\"@type\":\"PropertyValueSpecification\",\"valueRequired\":true,\"valueName\":\"search_term_string\"}}],\"inLanguage\":\"sr-RS\"}]}<\/script>\n<!-- \/ Yoast SEO plugin. -->","yoast_head_json":{"title":"Garancija i sigurnost - Stay Investment","robots":{"index":"index","follow":"follow","max-snippet":"max-snippet:-1","max-image-preview":"max-image-preview:large","max-video-preview":"max-video-preview:-1"},"canonical":"https:\/\/stayinvestment.com\/sr\/garancija-i-sigurnost\/","og_locale":"sr_RS","og_type":"article","og_title":"Garancija i sigurnost - Stay Investment","og_description":"&nbsp; Svim na\u0161im klijentima dajemo mogu\u0107nost overe ugovora o ulaganju ( investiranju ). Overeni ugovor daje u\u010desnicima ve\u0107u pravnu za\u0161titu. Ovla\u0161\u0107eni notar: proverava zakonitost dokumenata, obja\u0161njava u\u010desnicima pravne posledice ugovora, proverava kapacitet stranaka, postavlja realne namere u\u010desnika u transakciji, proverava pravnu \u010distotu nekretnine. Strane potpisuju ugovor dobrovoljno i u adekvatnom psihi\u010dkom stanju. Ako jedna od [&hellip;]","og_url":"https:\/\/stayinvestment.com\/sr\/garancija-i-sigurnost\/","og_site_name":"Stay Investment","article_modified_time":"2024-06-03T09:03:20+00:00","twitter_card":"summary_large_image","twitter_misc":{"\u041f\u0440\u043e\u0446\u0435\u045a\u0435\u043d\u043e \u0432\u0440\u0435\u043c\u0435 \u0447\u0438\u0442\u0430\u045a\u0430":"2 \u043c\u0438\u043d\u0443\u0442\u0430"},"schema":{"@context":"https:\/\/schema.org","@graph":[{"@type":"WebPage","@id":"https:\/\/stayinvestment.com\/sr\/garancija-i-sigurnost\/","url":"https:\/\/stayinvestment.com\/sr\/garancija-i-sigurnost\/","name":"Garancija i sigurnost - Stay Investment","isPartOf":{"@id":"https:\/\/stayinvestment.com\/#website"},"datePublished":"2024-05-31T03:38:09+00:00","dateModified":"2024-06-03T09:03:20+00:00","breadcrumb":{"@id":"https:\/\/stayinvestment.com\/sr\/garancija-i-sigurnost\/#breadcrumb"},"inLanguage":"sr-RS","potentialAction":[{"@type":"ReadAction","target":["https:\/\/stayinvestment.com\/sr\/garancija-i-sigurnost\/"]}]},{"@type":"WebSite","@id":"https:\/\/stayinvestment.com\/#website","url":"https:\/\/stayinvestment.com\/","name":"Stay Investment","description":"\u0418\u043d\u0432\u0435\u0441\u0442\u0438\u0446\u0438\u0438 \u0432 \u0422\u0443\u0440\u0435\u0446\u043a\u0443\u044e \u043d\u0435\u0434\u0432\u0438\u0436\u0438\u043c\u043e\u0441\u0442\u044c","potentialAction":[{"@type":"SearchAction","target":{"@type":"EntryPoint","urlTemplate":"https:\/\/stayinvestment.com\/?s={search_term_string}"},"query-input":{"@type":"PropertyValueSpecification","valueRequired":true,"valueName":"search_term_string"}}],"inLanguage":"sr-RS"}]}},"_links":{"self":[{"href":"https:\/\/stayinvestment.com\/sr\/wp-json\/wp\/v2\/pages\/10430"}],"collection":[{"href":"https:\/\/stayinvestment.com\/sr\/wp-json\/wp\/v2\/pages"}],"about":[{"href":"https:\/\/stayinvestment.com\/sr\/wp-json\/wp\/v2\/types\/page"}],"author":[{"embeddable":true,"href":"https:\/\/stayinvestment.com\/sr\/wp-json\/wp\/v2\/users\/1"}],"replies":[{"embeddable":true,"href":"https:\/\/stayinvestment.com\/sr\/wp-json\/wp\/v2\/comments?post=10430"}],"version-history":[{"count":5,"href":"https:\/\/stayinvestment.com\/sr\/wp-json\/wp\/v2\/pages\/10430\/revisions"}],"predecessor-version":[{"id":10471,"href":"https:\/\/stayinvestment.com\/sr\/wp-json\/wp\/v2\/pages\/10430\/revisions\/10471"}],"wp:attachment":[{"href":"https:\/\/stayinvestment.com\/sr\/wp-json\/wp\/v2\/media?parent=10430"}],"curies":[{"name":"wp","href":"https:\/\/api.w.org\/{rel}","templated":true}]}}