{"id":10341,"date":"2024-05-24T14:10:25","date_gmt":"2024-05-24T11:10:25","guid":{"rendered":"https:\/\/stayinvestment.com\/?page_id=10341"},"modified":"2024-09-24T14:57:23","modified_gmt":"2024-09-24T11:57:23","slug":"o-kompaniji","status":"publish","type":"page","link":"https:\/\/stayinvestment.com\/sr\/o-kompaniji\/","title":{"rendered":"O kompaniji"},"content":{"rendered":"<div class=\"row\">\n<div class=\"col-md-8\">\n<div class=\"page-text\">\n<p><span data-sheets-root=\"1\" data-sheets-value=\"{&quot;1&quot;:2,&quot;2&quot;:&quot;Kompanija Stay Property je na tr\u017ei\u0161tu ve\u0107 8 godina, i mo\u017eemo sa sigurno\u0161\u0107u re\u0107i da je danas Stay Property kompanija koja se najdinami\u010dnije razvija u regionu. Po\u010dev\u0161i od malog stambenog kompleksa u Avsalaru 2018 godine, za nekoliko godina smo izrasli u klju\u010dnog igra\u010da na turskom tr\u017ei\u0161tu nekretnina. Do 90% stanova u kompleksima koje gradimo prodamo jo\u0161 u izgradnji i to mnogo pre zavr\u0161etka gradnje. Internacionalnost. U 2023. godini ve\u0107 postoji 9 kancelarija kompanije Stay Property \u0161irom sveta - 3 u Turskoj ( Alanja, Antalija, Istanbul ), 2 kancelarije u Kazahstanu ( Almata, Azastan ), Rusija ( Moskva ), Ukrajina ( Kijev ), Severni Kipar ( Girne ) i u UAE ( Dubai ). Sva predstavni\u0161tva kompanije pru\u017eaju \u010ditav niz usluga kompanije. Prvobitno smo sebi postavili cilj da kupcima ponudimo najpovoljnije uslove za kupovinu nekretnina i najbolju uslugu. I danas mo\u017eemo sa sigurno\u0161\u0107u re\u0107i da smo to uspe\u0161no postigli.&quot;}\" data-sheets-userformat=\"{&quot;2&quot;:897,&quot;3&quot;:{&quot;1&quot;:0},&quot;10&quot;:0,&quot;11&quot;:4,&quot;12&quot;:0}\">Kompanija Stay Property je na tr\u017ei\u0161tu ve\u0107 8 godina, i mo\u017eemo sa sigurno\u0161\u0107u re\u0107i da je danas Stay Property kompanija koja se najdinami\u010dnije razvija u regionu. Po\u010dev\u0161i od malog stambenog kompleksa u Avsalaru 2018 godine, za nekoliko godina smo izrasli u klju\u010dnog igra\u010da na turskom tr\u017ei\u0161tu nekretnina. <\/span><\/p>\n<p><span data-sheets-root=\"1\" data-sheets-value=\"{&quot;1&quot;:2,&quot;2&quot;:&quot;Kompanija Stay Property je na tr\u017ei\u0161tu ve\u0107 8 godina, i mo\u017eemo sa sigurno\u0161\u0107u re\u0107i da je danas Stay Property kompanija koja se najdinami\u010dnije razvija u regionu. Po\u010dev\u0161i od malog stambenog kompleksa u Avsalaru 2018 godine, za nekoliko godina smo izrasli u klju\u010dnog igra\u010da na turskom tr\u017ei\u0161tu nekretnina. Do 90% stanova u kompleksima koje gradimo prodamo jo\u0161 u izgradnji i to mnogo pre zavr\u0161etka gradnje. Internacionalnost. U 2023. godini ve\u0107 postoji 9 kancelarija kompanije Stay Property \u0161irom sveta - 3 u Turskoj ( Alanja, Antalija, Istanbul ), 2 kancelarije u Kazahstanu ( Almata, Azastan ), Rusija ( Moskva ), Ukrajina ( Kijev ), Severni Kipar ( Girne ) i u UAE ( Dubai ). Sva predstavni\u0161tva kompanije pru\u017eaju \u010ditav niz usluga kompanije. Prvobitno smo sebi postavili cilj da kupcima ponudimo najpovoljnije uslove za kupovinu nekretnina i najbolju uslugu. I danas mo\u017eemo sa sigurno\u0161\u0107u re\u0107i da smo to uspe\u0161no postigli.&quot;}\" data-sheets-userformat=\"{&quot;2&quot;:897,&quot;3&quot;:{&quot;1&quot;:0},&quot;10&quot;:0,&quot;11&quot;:4,&quot;12&quot;:0}\">Do 90% stanova u kompleksima koje gradimo prodamo jo\u0161 u izgradnji i to mnogo pre zavr\u0161etka gradnje. Internacionalnost. U 2023. godini ve\u0107 postoji 9 kancelarija kompanije Stay Property \u0161irom sveta &#8211; 3 u Turskoj ( Alanja, Antalija, Istanbul ), 2 kancelarije u Kazahstanu ( Almata, Azastan ), Rusija ( Moskva ), Ukrajina ( Kijev ), Severni Kipar ( Girne ) i u UAE ( Dubai ). <\/span><\/p>\n<p><span data-sheets-root=\"1\" data-sheets-value=\"{&quot;1&quot;:2,&quot;2&quot;:&quot;Kompanija Stay Property je na tr\u017ei\u0161tu ve\u0107 8 godina, i mo\u017eemo sa sigurno\u0161\u0107u re\u0107i da je danas Stay Property kompanija koja se najdinami\u010dnije razvija u regionu. Po\u010dev\u0161i od malog stambenog kompleksa u Avsalaru 2018 godine, za nekoliko godina smo izrasli u klju\u010dnog igra\u010da na turskom tr\u017ei\u0161tu nekretnina. Do 90% stanova u kompleksima koje gradimo prodamo jo\u0161 u izgradnji i to mnogo pre zavr\u0161etka gradnje. Internacionalnost. U 2023. godini ve\u0107 postoji 9 kancelarija kompanije Stay Property \u0161irom sveta - 3 u Turskoj ( Alanja, Antalija, Istanbul ), 2 kancelarije u Kazahstanu ( Almata, Azastan ), Rusija ( Moskva ), Ukrajina ( Kijev ), Severni Kipar ( Girne ) i u UAE ( Dubai ). Sva predstavni\u0161tva kompanije pru\u017eaju \u010ditav niz usluga kompanije. Prvobitno smo sebi postavili cilj da kupcima ponudimo najpovoljnije uslove za kupovinu nekretnina i najbolju uslugu. I danas mo\u017eemo sa sigurno\u0161\u0107u re\u0107i da smo to uspe\u0161no postigli.&quot;}\" data-sheets-userformat=\"{&quot;2&quot;:897,&quot;3&quot;:{&quot;1&quot;:0},&quot;10&quot;:0,&quot;11&quot;:4,&quot;12&quot;:0}\">Sva predstavni\u0161tva kompanije pru\u017eaju \u010ditav niz usluga kompanije. Prvobitno smo sebi postavili cilj da kupcima ponudimo najpovoljnije uslove za kupovinu nekretnina i najbolju uslugu. I danas mo\u017eemo sa sigurno\u0161\u0107u re\u0107i da smo to uspe\u0161no postigli.<\/span><\/p>\n<\/div>\n<\/div>\n<div class=\"col-md-4\">\n<div class=\"ceo-image\">\n<p><img decoding=\"async\" src=\"\/wp-content\/themes\/stayinvestment.new\/img\/about\/Boss.png\" alt=\"\" \/><\/p>\n<div class=\"auther-text\">Halil Ibrahim Daye \u00b7 CEO<\/div>\n<\/div>\n<\/div>\n<\/div>\n<div class=\"section-title title-margin-top\">\n<h2><span data-sheets-root=\"1\" data-sheets-value=\"{&quot;1&quot;:2,&quot;2&quot;:&quot;Pokazatelji na\u0161ega uspeha&quot;}\" data-sheets-userformat=\"{&quot;2&quot;:513,&quot;3&quot;:{&quot;1&quot;:0},&quot;12&quot;:0}\">Pokazatelji na\u0161ega uspeha<\/span><\/h2>\n<\/div>\n<div class=\"row row-numbers\">\n<div class=\"col-6 col-md-20\">\n<div class=\"counter-item\">\n<div class=\"counter-number\"><strong class=\"counter-value\" data-target=\"15\">15<\/strong> projekata<\/div>\n<div class=\"counter-text\">Stay Investment<\/div>\n<\/div>\n<\/div>\n<div class=\"col-6 col-md-20\">\n<div class=\"counter-item\">\n<div class=\"counter-number\"><strong class=\"counter-value\" data-target=\"27\">27<\/strong> na\u0161ih<\/div>\n<div class=\"counter-text\">projekata<\/div>\n<\/div>\n<\/div>\n<div class=\"col-6 col-md-20\">\n<div class=\"counter-item\">\n<div class=\"counter-number\"><strong class=\"counter-value\" data-target=\"1.438\">1.438<\/strong> stanova<\/div>\n<div class=\"counter-text\">napravljeno<\/div>\n<\/div>\n<\/div>\n<div class=\"col-6 col-md-20\">\n<div class=\"counter-item\">\n<div class=\"counter-number\"><strong class=\"counter-value\" data-target=\"54.600\">54.600<\/strong> m2<\/div>\n<div class=\"counter-text\">celokupna povr\u0161ina<\/div>\n<\/div>\n<\/div>\n<div class=\"col-12 col-md-20\">\n<div class=\"counter-item\">\n<div class=\"counter-number\"><strong class=\"counter-value\" data-target=\"3\">3<\/strong> godine<\/div>\n<div class=\"counter-text\">plan pla\u0107anja<\/div>\n<\/div>\n<\/div>\n<\/div>\n<div class=\"content-image\"><img decoding=\"async\" src=\"\/wp-content\/themes\/stayinvestment.new\/img\/about\/Turkish_seaview.png\" alt=\"\" \/><\/div>\n<div class=\"row\">\n<div class=\"col-md-12\">\n<div class=\"page-text\">\n<p>Sve ve\u0107i broj investitora obra\u0107a pa\u017enju na Tursko tr\u017ei\u0161te nekretnina. Visoku potra\u017enja potvr\u0111uju i prikupljeni statisti\u010dki podaci i sasvim je realna. Danas su cene nekretnina u Turskoj najpristupa\u010dnije, otaraju odli\u010dne investicione mogu\u0107nosti za strane kupce<\/p>\n<p>Turska je jedna od 5 dr\u017eava sveta gde cene nekretnina neprestano rastu iz godine u godinu.<\/p>\n<p>Tokom proteklih 14 godina Turska je pove\u0107ala svoj BDP za 3 puta i uvr\u0161tena je na listu vode\u0107ih zemalja sa aktivnom ekonomijom u razvoju. Upravo Tursku stru\u010dnjaci ,,Bloomberga&#8220; preporu\u010duju investitorima.<\/p>\n<\/div>\n<\/div>\n<\/div>\n<div class=\"title-center\">\n<h2 class=\"inner-screen__title title-margin-top\"><span data-sheets-root=\"1\" data-sheets-value=\"{&quot;1&quot;:2,&quot;2&quot;:&quot;Investirajte sigurno&quot;}\" data-sheets-userformat=\"{&quot;2&quot;:513,&quot;3&quot;:{&quot;1&quot;:0},&quot;12&quot;:0}\">Investirajte sigurno<\/span><\/h2>\n<div class=\"desc-center section-desc\"><span data-sheets-root=\"1\" data-sheets-value=\"{&quot;1&quot;:2,&quot;2&quot;:&quot;Mi primamo uplate koje odgovaraju vama i va\u0161oj valuti&quot;}\" data-sheets-userformat=\"{&quot;2&quot;:769,&quot;3&quot;:{&quot;1&quot;:0},&quot;11&quot;:4,&quot;12&quot;:0}\">Mi primamo uplate koje odgovaraju vama i va\u0161oj valuti <img loading=\"lazy\" decoding=\"async\" class=\"aligncenter size-full wp-image-10459\" src=\"https:\/\/stayinvestment.com\/wp-content\/uploads\/2024\/05\/1717159216_s1-1.jpg\" alt=\"\" width=\"801\" height=\"172\" srcset=\"https:\/\/stayinvestment.com\/wp-content\/uploads\/2024\/05\/1717159216_s1-1.jpg 801w, https:\/\/stayinvestment.com\/wp-content\/uploads\/2024\/05\/1717159216_s1-1-300x64.jpg 300w, https:\/\/stayinvestment.com\/wp-content\/uploads\/2024\/05\/1717159216_s1-1-768x165.jpg 768w, https:\/\/stayinvestment.com\/wp-content\/uploads\/2024\/05\/1717159216_s1-1-624x134.jpg 624w\" sizes=\"(max-width: 801px) 100vw, 801px\" \/><\/span><\/div>\n<\/div>\n<div class=\"title-center\">\n<h2 class=\"inner-screen__title\"><span data-sheets-root=\"1\" data-sheets-value=\"{&quot;1&quot;:2,&quot;2&quot;:&quot;Da li tek po\u010dinjete va\u0161 put ka investiranju?&quot;}\" data-sheets-userformat=\"{&quot;2&quot;:513,&quot;3&quot;:{&quot;1&quot;:0},&quot;12&quot;:0}\">Da li tek po\u010dinjete va\u0161 put ka investiranju?<\/span><\/h2>\n<div class=\"desc-center section-desc\"><span data-sheets-root=\"1\" data-sheets-value=\"{&quot;1&quot;:2,&quot;2&quot;:&quot;Mi smo tu da sa zadovoljstvom podelimo sa vama na\u0161e znanje i iskustvo!&quot;}\" data-sheets-userformat=\"{&quot;2&quot;:769,&quot;3&quot;:{&quot;1&quot;:0},&quot;11&quot;:4,&quot;12&quot;:0}\">Mi smo tu da sa zadovoljstvom podelimo sa vama na\u0161e znanje i iskustvo!<\/span><\/div>\n<\/div>\n","protected":false},"excerpt":{"rendered":"<p>Kompanija Stay Property je na tr\u017ei\u0161tu ve\u0107 8 godina, i mo\u017eemo sa sigurno\u0161\u0107u re\u0107i da je danas Stay Property kompanija koja se najdinami\u010dnije razvija u regionu. Po\u010dev\u0161i od malog stambenog kompleksa u Avsalaru 2018 godine, za nekoliko godina smo izrasli u klju\u010dnog igra\u010da na turskom tr\u017ei\u0161tu nekretnina. Do 90% stanova u kompleksima koje gradimo prodamo [&hellip;]<\/p>\n","protected":false},"author":11,"featured_media":0,"parent":0,"menu_order":0,"comment_status":"closed","ping_status":"closed","template":"page-templates\/page_about.php","meta":{"footnotes":""},"yoast_head":"<!-- This site is optimized with the Yoast SEO plugin v23.4 - https:\/\/yoast.com\/wordpress\/plugins\/seo\/ -->\n<title>O kompaniji - Stay Investment<\/title>\n<meta name=\"robots\" content=\"index, follow, max-snippet:-1, max-image-preview:large, max-video-preview:-1\" \/>\n<link rel=\"canonical\" href=\"https:\/\/stayinvestment.com\/sr\/o-kompaniji\/\" \/>\n<meta property=\"og:locale\" content=\"sr_RS\" \/>\n<meta property=\"og:type\" content=\"article\" \/>\n<meta property=\"og:title\" content=\"O kompaniji - Stay Investment\" \/>\n<meta property=\"og:description\" content=\"Kompanija Stay Property je na tr\u017ei\u0161tu ve\u0107 8 godina, i mo\u017eemo sa sigurno\u0161\u0107u re\u0107i da je danas Stay Property kompanija koja se najdinami\u010dnije razvija u regionu. Po\u010dev\u0161i od malog stambenog kompleksa u Avsalaru 2018 godine, za nekoliko godina smo izrasli u klju\u010dnog igra\u010da na turskom tr\u017ei\u0161tu nekretnina. Do 90% stanova u kompleksima koje gradimo prodamo [&hellip;]\" \/>\n<meta property=\"og:url\" content=\"https:\/\/stayinvestment.com\/sr\/o-kompaniji\/\" \/>\n<meta property=\"og:site_name\" content=\"Stay Investment\" \/>\n<meta property=\"article:modified_time\" content=\"2024-09-24T11:57:23+00:00\" \/>\n<meta property=\"og:image\" content=\"https:\/\/stayinvestment.com\/wp-content\/uploads\/2024\/05\/1717159216_s1-1.jpg\" \/>\n<meta name=\"twitter:card\" content=\"summary_large_image\" \/>\n<meta name=\"twitter:label1\" content=\"\u041f\u0440\u043e\u0446\u0435\u045a\u0435\u043d\u043e \u0432\u0440\u0435\u043c\u0435 \u0447\u0438\u0442\u0430\u045a\u0430\" \/>\n\t<meta name=\"twitter:data1\" content=\"3 \u043c\u0438\u043d\u0443\u0442\u0430\" \/>\n<script type=\"application\/ld+json\" class=\"yoast-schema-graph\">{\"@context\":\"https:\/\/schema.org\",\"@graph\":[{\"@type\":\"WebPage\",\"@id\":\"https:\/\/stayinvestment.com\/sr\/o-kompaniji\/\",\"url\":\"https:\/\/stayinvestment.com\/sr\/o-kompaniji\/\",\"name\":\"O kompaniji - Stay Investment\",\"isPartOf\":{\"@id\":\"https:\/\/stayinvestment.com\/#website\"},\"primaryImageOfPage\":{\"@id\":\"https:\/\/stayinvestment.com\/sr\/o-kompaniji\/#primaryimage\"},\"image\":{\"@id\":\"https:\/\/stayinvestment.com\/sr\/o-kompaniji\/#primaryimage\"},\"thumbnailUrl\":\"https:\/\/stayinvestment.com\/wp-content\/uploads\/2024\/05\/1717159216_s1-1.jpg\",\"datePublished\":\"2024-05-24T11:10:25+00:00\",\"dateModified\":\"2024-09-24T11:57:23+00:00\",\"breadcrumb\":{\"@id\":\"https:\/\/stayinvestment.com\/sr\/o-kompaniji\/#breadcrumb\"},\"inLanguage\":\"sr-RS\",\"potentialAction\":[{\"@type\":\"ReadAction\",\"target\":[\"https:\/\/stayinvestment.com\/sr\/o-kompaniji\/\"]}]},{\"@type\":\"ImageObject\",\"inLanguage\":\"sr-RS\",\"@id\":\"https:\/\/stayinvestment.com\/sr\/o-kompaniji\/#primaryimage\",\"url\":\"https:\/\/stayinvestment.com\/wp-content\/uploads\/2024\/05\/1717159216_s1-1.jpg\",\"contentUrl\":\"https:\/\/stayinvestment.com\/wp-content\/uploads\/2024\/05\/1717159216_s1-1.jpg\"},{\"@type\":\"WebSite\",\"@id\":\"https:\/\/stayinvestment.com\/#website\",\"url\":\"https:\/\/stayinvestment.com\/\",\"name\":\"Stay Investment\",\"description\":\"\u0418\u043d\u0432\u0435\u0441\u0442\u0438\u0446\u0438\u0438 \u0432 \u0422\u0443\u0440\u0435\u0446\u043a\u0443\u044e \u043d\u0435\u0434\u0432\u0438\u0436\u0438\u043c\u043e\u0441\u0442\u044c\",\"potentialAction\":[{\"@type\":\"SearchAction\",\"target\":{\"@type\":\"EntryPoint\",\"urlTemplate\":\"https:\/\/stayinvestment.com\/?s={search_term_string}\"},\"query-input\":{\"@type\":\"PropertyValueSpecification\",\"valueRequired\":true,\"valueName\":\"search_term_string\"}}],\"inLanguage\":\"sr-RS\"}]}<\/script>\n<!-- \/ Yoast SEO plugin. -->","yoast_head_json":{"title":"O kompaniji - Stay Investment","robots":{"index":"index","follow":"follow","max-snippet":"max-snippet:-1","max-image-preview":"max-image-preview:large","max-video-preview":"max-video-preview:-1"},"canonical":"https:\/\/stayinvestment.com\/sr\/o-kompaniji\/","og_locale":"sr_RS","og_type":"article","og_title":"O kompaniji - Stay Investment","og_description":"Kompanija Stay Property je na tr\u017ei\u0161tu ve\u0107 8 godina, i mo\u017eemo sa sigurno\u0161\u0107u re\u0107i da je danas Stay Property kompanija koja se najdinami\u010dnije razvija u regionu. Po\u010dev\u0161i od malog stambenog kompleksa u Avsalaru 2018 godine, za nekoliko godina smo izrasli u klju\u010dnog igra\u010da na turskom tr\u017ei\u0161tu nekretnina. Do 90% stanova u kompleksima koje gradimo prodamo [&hellip;]","og_url":"https:\/\/stayinvestment.com\/sr\/o-kompaniji\/","og_site_name":"Stay Investment","article_modified_time":"2024-09-24T11:57:23+00:00","og_image":[{"url":"https:\/\/stayinvestment.com\/wp-content\/uploads\/2024\/05\/1717159216_s1-1.jpg"}],"twitter_card":"summary_large_image","twitter_misc":{"\u041f\u0440\u043e\u0446\u0435\u045a\u0435\u043d\u043e \u0432\u0440\u0435\u043c\u0435 \u0447\u0438\u0442\u0430\u045a\u0430":"3 \u043c\u0438\u043d\u0443\u0442\u0430"},"schema":{"@context":"https:\/\/schema.org","@graph":[{"@type":"WebPage","@id":"https:\/\/stayinvestment.com\/sr\/o-kompaniji\/","url":"https:\/\/stayinvestment.com\/sr\/o-kompaniji\/","name":"O kompaniji - Stay Investment","isPartOf":{"@id":"https:\/\/stayinvestment.com\/#website"},"primaryImageOfPage":{"@id":"https:\/\/stayinvestment.com\/sr\/o-kompaniji\/#primaryimage"},"image":{"@id":"https:\/\/stayinvestment.com\/sr\/o-kompaniji\/#primaryimage"},"thumbnailUrl":"https:\/\/stayinvestment.com\/wp-content\/uploads\/2024\/05\/1717159216_s1-1.jpg","datePublished":"2024-05-24T11:10:25+00:00","dateModified":"2024-09-24T11:57:23+00:00","breadcrumb":{"@id":"https:\/\/stayinvestment.com\/sr\/o-kompaniji\/#breadcrumb"},"inLanguage":"sr-RS","potentialAction":[{"@type":"ReadAction","target":["https:\/\/stayinvestment.com\/sr\/o-kompaniji\/"]}]},{"@type":"ImageObject","inLanguage":"sr-RS","@id":"https:\/\/stayinvestment.com\/sr\/o-kompaniji\/#primaryimage","url":"https:\/\/stayinvestment.com\/wp-content\/uploads\/2024\/05\/1717159216_s1-1.jpg","contentUrl":"https:\/\/stayinvestment.com\/wp-content\/uploads\/2024\/05\/1717159216_s1-1.jpg"},{"@type":"WebSite","@id":"https:\/\/stayinvestment.com\/#website","url":"https:\/\/stayinvestment.com\/","name":"Stay Investment","description":"\u0418\u043d\u0432\u0435\u0441\u0442\u0438\u0446\u0438\u0438 \u0432 \u0422\u0443\u0440\u0435\u0446\u043a\u0443\u044e \u043d\u0435\u0434\u0432\u0438\u0436\u0438\u043c\u043e\u0441\u0442\u044c","potentialAction":[{"@type":"SearchAction","target":{"@type":"EntryPoint","urlTemplate":"https:\/\/stayinvestment.com\/?s={search_term_string}"},"query-input":{"@type":"PropertyValueSpecification","valueRequired":true,"valueName":"search_term_string"}}],"inLanguage":"sr-RS"}]}},"_links":{"self":[{"href":"https:\/\/stayinvestment.com\/sr\/wp-json\/wp\/v2\/pages\/10341"}],"collection":[{"href":"https:\/\/stayinvestment.com\/sr\/wp-json\/wp\/v2\/pages"}],"about":[{"href":"https:\/\/stayinvestment.com\/sr\/wp-json\/wp\/v2\/types\/page"}],"author":[{"embeddable":true,"href":"https:\/\/stayinvestment.com\/sr\/wp-json\/wp\/v2\/users\/11"}],"replies":[{"embeddable":true,"href":"https:\/\/stayinvestment.com\/sr\/wp-json\/wp\/v2\/comments?post=10341"}],"version-history":[{"count":9,"href":"https:\/\/stayinvestment.com\/sr\/wp-json\/wp\/v2\/pages\/10341\/revisions"}],"predecessor-version":[{"id":12645,"href":"https:\/\/stayinvestment.com\/sr\/wp-json\/wp\/v2\/pages\/10341\/revisions\/12645"}],"wp:attachment":[{"href":"https:\/\/stayinvestment.com\/sr\/wp-json\/wp\/v2\/media?parent=10341"}],"curies":[{"name":"wp","href":"https:\/\/api.w.org\/{rel}","templated":true}]}}